{"id":125,"date":"2026-01-29T14:20:04","date_gmt":"2026-01-29T13:20:04","guid":{"rendered":"http:\/\/ovidbip.cluster121.hosting.ovh.net\/?page_id=125"},"modified":"2026-01-30T13:50:52","modified_gmt":"2026-01-30T12:50:52","slug":"blog","status":"publish","type":"page","link":"https:\/\/sofybeauty.fr\/index.php\/blog\/","title":{"rendered":"Blog"},"content":{"rendered":"\n\t\t\t<div class=\"wp-block-uagb-post-grid uagb-post-grid  uagb-post__image-position-top uagb-post__image-enabled uagb-block-1b600963     uagb-post__items uagb-post__columns-0 is-grid uagb-post__columns-tablet-2 uagb-post__columns-mobile-1 uagb-post__equal-height\" data-total=\"1\" style=\"\">\n\n\t\t\t\t\t\t\t\t\t\t\t\t<article class=\"uagb-post__inner-wrap\">\t\t\t\t\t\t\t\t<div class='uagb-post__image'>\n\t\t\t\t\t\t\t\t\t<a href=\"https:\/\/sofybeauty.fr\/index.php\/2025\/12\/19\/conseil-pour-preparer-sa-peau-avant-lete\/\" target=\"_self\" rel=\"bookmark noopener noreferrer\" class='uagb-image-ratio-inherit'><img fetchpriority=\"high\" decoding=\"async\" width=\"800\" height=\"534\" src=\"https:\/\/sofybeauty.fr\/wp-content\/uploads\/2025\/12\/woman-hat-relaxing-beach-1024x683.jpg\" class=\"attachment-large size-large\" alt=\"\" srcset=\"https:\/\/sofybeauty.fr\/wp-content\/uploads\/2025\/12\/woman-hat-relaxing-beach-1024x683.jpg 1024w, https:\/\/sofybeauty.fr\/wp-content\/uploads\/2025\/12\/woman-hat-relaxing-beach-300x200.jpg 300w, https:\/\/sofybeauty.fr\/wp-content\/uploads\/2025\/12\/woman-hat-relaxing-beach-768x512.jpg 768w, https:\/\/sofybeauty.fr\/wp-content\/uploads\/2025\/12\/woman-hat-relaxing-beach-1536x1024.jpg 1536w, https:\/\/sofybeauty.fr\/wp-content\/uploads\/2025\/12\/woman-hat-relaxing-beach-2048x1365.jpg 2048w\" sizes=\"(max-width: 800px) 100vw, 800px\" \/>\t\t\t\t\t<\/a>\n\t\t\t\t\t\t\t<\/div>\n\t\t\t\t\t\t<h4 class=\"uagb-post__title uagb-post__text\">\n\t\t\t\t<a href=\"https:\/\/sofybeauty.fr\/index.php\/2025\/12\/19\/conseil-pour-preparer-sa-peau-avant-lete\/\" target=\"_self\" rel=\"bookmark noopener noreferrer\">Pr\u00e9parer sa peau au bronzage : mes conseils<\/a>\n\t\t\t<\/h4>\n\t\t\t\t\t\t<div class='uagb-post__text uagb-post-grid-byline'>\n\t\t\t\t\t\t\t\t<time datetime=\"2025-12-19T10:21:39+01:00\" class=\"uagb-post__date\">\n\t\t\t\t<span class=\"dashicons-calendar dashicons\"><\/span>\t\t\t\t\t19 d\u00e9cembre 2025\t\t\t\t<\/time>\n\t\t\t\t\t\t\t<span class=\"uagb-post__comment\">\n\t\t\t\t<span class=\"dashicons-admin-comments dashicons\"><\/span>\t\t\t\t\tAucun commentaire\t\t\t\t<\/span>\n\t\t\t\t\t\t<\/div>\n\t\t\t\t\t\t\t<div class='uagb-post__text uagb-post__excerpt'>\n\t\t\t\t\t<p>L\u2019\u00e9t\u00e9 est une p\u00e9riode agr\u00e9able, mais souvent exigeante pour la peau. Entre l\u2019exposition au soleil,&#8230;\t\t\t\t<\/div>\n\t\t\t\t\t\t<div class=\"uagb-post__text uagb-post__cta wp-block-button\">\n\t\t\t\t<a class=\"wp-block-button__link uagb-text-link\" style=\"\" href=\"https:\/\/sofybeauty.fr\/index.php\/2025\/12\/19\/conseil-pour-preparer-sa-peau-avant-lete\/\" target=\"_self\" rel=\"bookmark noopener noreferrer\">Lire la suite<\/a>\n\t\t\t<\/div>\n\t\t\t\n\t\t\t\t\t\t\t\t\t<\/article>\n\t\t\t\t\t\t\t\t\t\t\t\t\t\t\t\t<article class=\"uagb-post__inner-wrap\">\t\t\t\t\t\t\t\t<h4 class=\"uagb-post__title uagb-post__text\">\n\t\t\t\t<a href=\"https:\/\/sofybeauty.fr\/index.php\/2025\/12\/15\/hello-world\/\" target=\"_self\" rel=\"bookmark noopener noreferrer\">Hello world!<\/a>\n\t\t\t<\/h4>\n\t\t\t\t\t\t<div class='uagb-post__text uagb-post-grid-byline'>\n\t\t\t\t\t\t\t\t<time datetime=\"2025-12-15T19:06:40+01:00\" class=\"uagb-post__date\">\n\t\t\t\t<span class=\"dashicons-calendar dashicons\"><\/span>\t\t\t\t\t15 d\u00e9cembre 2025\t\t\t\t<\/time>\n\t\t\t\t\t\t\t<span class=\"uagb-post__comment\">\n\t\t\t\t<span class=\"dashicons-admin-comments dashicons\"><\/span>\t\t\t\t\tUn commentaire\t\t\t\t<\/span>\n\t\t\t\t\t\t<\/div>\n\t\t\t\t\t\t\t<div class='uagb-post__text uagb-post__excerpt'>\n\t\t\t\t\t<p>Welcome to WordPress. This is your first post. Edit or delete it, then start writing!<\/p>\n\t\t\t\t<\/div>\n\t\t\t\t\t\t<div class=\"uagb-post__text uagb-post__cta wp-block-button\">\n\t\t\t\t<a class=\"wp-block-button__link uagb-text-link\" style=\"\" href=\"https:\/\/sofybeauty.fr\/index.php\/2025\/12\/15\/hello-world\/\" target=\"_self\" rel=\"bookmark noopener noreferrer\">Lire la suite<\/a>\n\t\t\t<\/div>\n\t\t\t\n\t\t\t\t\t\t\t\t\t<\/article>\n\t\t\t\t\t\t\t\t\t\t\t<\/div>\n\t\t\t","protected":false},"excerpt":{"rendered":"","protected":false},"author":1,"featured_media":0,"parent":0,"menu_order":0,"comment_status":"closed","ping_status":"closed","template":"","meta":{"_uag_custom_page_level_css":"","footnotes":""},"class_list":["post-125","page","type-page","status-publish","hentry"],"yoast_head":"<!-- This site is optimized with the Yoast SEO plugin v26.6 - https:\/\/yoast.com\/wordpress\/plugins\/seo\/ -->\n<title>Blog - Sofy Beauty<\/title>\n<meta name=\"robots\" content=\"noindex, follow, max-snippet:-1, max-image-preview:large, max-video-preview:-1\" \/>\n<meta property=\"og:locale\" content=\"fr_FR\" \/>\n<meta property=\"og:type\" content=\"article\" \/>\n<meta property=\"og:title\" content=\"Blog - Sofy Beauty\" \/>\n<meta property=\"og:url\" content=\"https:\/\/sofybeauty.fr\/index.php\/blog\/\" \/>\n<meta property=\"og:site_name\" content=\"Sofy Beauty\" \/>\n<meta property=\"article:modified_time\" content=\"2026-01-30T12:50:52+00:00\" \/>\n<meta name=\"twitter:card\" content=\"summary_large_image\" \/>\n<script type=\"application\/ld+json\" class=\"yoast-schema-graph\">{\"@context\":\"https:\/\/schema.org\",\"@graph\":[{\"@type\":\"WebPage\",\"@id\":\"https:\/\/sofybeauty.fr\/index.php\/blog\/\",\"url\":\"https:\/\/sofybeauty.fr\/index.php\/blog\/\",\"name\":\"Blog - Sofy Beauty\",\"isPartOf\":{\"@id\":\"http:\/\/sofybeauty.fr\/#website\"},\"datePublished\":\"2026-01-29T13:20:04+00:00\",\"dateModified\":\"2026-01-30T12:50:52+00:00\",\"breadcrumb\":{\"@id\":\"https:\/\/sofybeauty.fr\/index.php\/blog\/#breadcrumb\"},\"inLanguage\":\"fr-FR\",\"potentialAction\":[{\"@type\":\"ReadAction\",\"target\":[\"https:\/\/sofybeauty.fr\/index.php\/blog\/\"]}]},{\"@type\":\"BreadcrumbList\",\"@id\":\"https:\/\/sofybeauty.fr\/index.php\/blog\/#breadcrumb\",\"itemListElement\":[{\"@type\":\"ListItem\",\"position\":1,\"name\":\"Accueil\",\"item\":\"http:\/\/sofybeauty.fr\/\"},{\"@type\":\"ListItem\",\"position\":2,\"name\":\"Blog\"}]},{\"@type\":\"WebSite\",\"@id\":\"http:\/\/sofybeauty.fr\/#website\",\"url\":\"http:\/\/sofybeauty.fr\/\",\"name\":\"Sofy Beauty\",\"description\":\"\",\"publisher\":{\"@id\":\"http:\/\/sofybeauty.fr\/#organization\"},\"potentialAction\":[{\"@type\":\"SearchAction\",\"target\":{\"@type\":\"EntryPoint\",\"urlTemplate\":\"http:\/\/sofybeauty.fr\/?s={search_term_string}\"},\"query-input\":{\"@type\":\"PropertyValueSpecification\",\"valueRequired\":true,\"valueName\":\"search_term_string\"}}],\"inLanguage\":\"fr-FR\"},{\"@type\":\"Organization\",\"@id\":\"http:\/\/sofybeauty.fr\/#organization\",\"name\":\"Sofy Beauty\",\"url\":\"http:\/\/sofybeauty.fr\/\",\"logo\":{\"@type\":\"ImageObject\",\"inLanguage\":\"fr-FR\",\"@id\":\"http:\/\/sofybeauty.fr\/#\/schema\/logo\/image\/\",\"url\":\"https:\/\/sofybeauty.fr\/wp-content\/uploads\/2025\/12\/logo-principal-100-e1771940008382.jpg\",\"contentUrl\":\"https:\/\/sofybeauty.fr\/wp-content\/uploads\/2025\/12\/logo-principal-100-e1771940008382.jpg\",\"width\":1023,\"height\":625,\"caption\":\"Sofy Beauty\"},\"image\":{\"@id\":\"http:\/\/sofybeauty.fr\/#\/schema\/logo\/image\/\"}}]}<\/script>\n<!-- \/ Yoast SEO plugin. -->","yoast_head_json":{"title":"Blog - Sofy Beauty","robots":{"index":"noindex","follow":"follow","max-snippet":"max-snippet:-1","max-image-preview":"max-image-preview:large","max-video-preview":"max-video-preview:-1"},"og_locale":"fr_FR","og_type":"article","og_title":"Blog - Sofy Beauty","og_url":"https:\/\/sofybeauty.fr\/index.php\/blog\/","og_site_name":"Sofy Beauty","article_modified_time":"2026-01-30T12:50:52+00:00","twitter_card":"summary_large_image","schema":{"@context":"https:\/\/schema.org","@graph":[{"@type":"WebPage","@id":"https:\/\/sofybeauty.fr\/index.php\/blog\/","url":"https:\/\/sofybeauty.fr\/index.php\/blog\/","name":"Blog - Sofy Beauty","isPartOf":{"@id":"http:\/\/sofybeauty.fr\/#website"},"datePublished":"2026-01-29T13:20:04+00:00","dateModified":"2026-01-30T12:50:52+00:00","breadcrumb":{"@id":"https:\/\/sofybeauty.fr\/index.php\/blog\/#breadcrumb"},"inLanguage":"fr-FR","potentialAction":[{"@type":"ReadAction","target":["https:\/\/sofybeauty.fr\/index.php\/blog\/"]}]},{"@type":"BreadcrumbList","@id":"https:\/\/sofybeauty.fr\/index.php\/blog\/#breadcrumb","itemListElement":[{"@type":"ListItem","position":1,"name":"Accueil","item":"http:\/\/sofybeauty.fr\/"},{"@type":"ListItem","position":2,"name":"Blog"}]},{"@type":"WebSite","@id":"http:\/\/sofybeauty.fr\/#website","url":"http:\/\/sofybeauty.fr\/","name":"Sofy Beauty","description":"","publisher":{"@id":"http:\/\/sofybeauty.fr\/#organization"},"potentialAction":[{"@type":"SearchAction","target":{"@type":"EntryPoint","urlTemplate":"http:\/\/sofybeauty.fr\/?s={search_term_string}"},"query-input":{"@type":"PropertyValueSpecification","valueRequired":true,"valueName":"search_term_string"}}],"inLanguage":"fr-FR"},{"@type":"Organization","@id":"http:\/\/sofybeauty.fr\/#organization","name":"Sofy Beauty","url":"http:\/\/sofybeauty.fr\/","logo":{"@type":"ImageObject","inLanguage":"fr-FR","@id":"http:\/\/sofybeauty.fr\/#\/schema\/logo\/image\/","url":"https:\/\/sofybeauty.fr\/wp-content\/uploads\/2025\/12\/logo-principal-100-e1771940008382.jpg","contentUrl":"https:\/\/sofybeauty.fr\/wp-content\/uploads\/2025\/12\/logo-principal-100-e1771940008382.jpg","width":1023,"height":625,"caption":"Sofy Beauty"},"image":{"@id":"http:\/\/sofybeauty.fr\/#\/schema\/logo\/image\/"}}]}},"uagb_featured_image_src":{"full":false,"thumbnail":false,"medium":false,"medium_large":false,"large":false,"1536x1536":false,"2048x2048":false},"uagb_author_info":{"display_name":"admin4599","author_link":"https:\/\/sofybeauty.fr\/index.php\/author\/admin4599\/"},"uagb_comment_info":0,"uagb_excerpt":null,"_links":{"self":[{"href":"https:\/\/sofybeauty.fr\/index.php\/wp-json\/wp\/v2\/pages\/125","targetHints":{"allow":["GET"]}}],"collection":[{"href":"https:\/\/sofybeauty.fr\/index.php\/wp-json\/wp\/v2\/pages"}],"about":[{"href":"https:\/\/sofybeauty.fr\/index.php\/wp-json\/wp\/v2\/types\/page"}],"author":[{"embeddable":true,"href":"https:\/\/sofybeauty.fr\/index.php\/wp-json\/wp\/v2\/users\/1"}],"replies":[{"embeddable":true,"href":"https:\/\/sofybeauty.fr\/index.php\/wp-json\/wp\/v2\/comments?post=125"}],"version-history":[{"count":4,"href":"https:\/\/sofybeauty.fr\/index.php\/wp-json\/wp\/v2\/pages\/125\/revisions"}],"predecessor-version":[{"id":176,"href":"https:\/\/sofybeauty.fr\/index.php\/wp-json\/wp\/v2\/pages\/125\/revisions\/176"}],"wp:attachment":[{"href":"https:\/\/sofybeauty.fr\/index.php\/wp-json\/wp\/v2\/media?parent=125"}],"curies":[{"name":"wp","href":"https:\/\/api.w.org\/{rel}","templated":true}]}}