{"id":119,"date":"2026-01-29T14:09:07","date_gmt":"2026-01-29T13:09:07","guid":{"rendered":"http:\/\/ovidbip.cluster121.hosting.ovh.net\/?page_id=119"},"modified":"2026-03-13T11:39:21","modified_gmt":"2026-03-13T10:39:21","slug":"bons-cadeaux","status":"publish","type":"page","link":"https:\/\/sofybeauty.fr\/index.php\/bons-cadeaux\/","title":{"rendered":"Bons Cadeaux"},"content":{"rendered":"\t\t<div data-elementor-type=\"wp-page\" data-elementor-id=\"119\" class=\"elementor elementor-119\">\n\t\t\t\t<div class=\"elementor-element elementor-element-928108c e-flex e-con-boxed e-con e-parent\" data-id=\"928108c\" data-element_type=\"container\">\n\t\t\t\t\t<div class=\"e-con-inner\">\n\t\t\t\t<div class=\"elementor-element elementor-element-24a5623 elementor-widget elementor-widget-image\" data-id=\"24a5623\" data-element_type=\"widget\" data-widget_type=\"image.default\">\n\t\t\t\t\t\t\t\t\t\t\t\t\t\t\t<img decoding=\"async\" src=\"https:\/\/sofybeauty.fr\/wp-content\/plugins\/elementor\/assets\/images\/placeholder.png\" title=\"\" alt=\"\" loading=\"lazy\" \/>\t\t\t\t\t\t\t\t\t\t\t\t\t\t\t<\/div>\n\t\t\t\t\t<\/div>\n\t\t\t\t<\/div>\n\t\t<div class=\"elementor-element elementor-element-c5367ee e-flex e-con-boxed e-con e-parent\" data-id=\"c5367ee\" data-element_type=\"container\">\n\t\t\t\t\t<div class=\"e-con-inner\">\n\t\t\t\t<div class=\"elementor-element elementor-element-d9a8646 elementor-widget elementor-widget-wpforms\" data-id=\"d9a8646\" data-element_type=\"widget\" data-widget_type=\"wpforms.default\">\n\t\t\t\t<div class=\"elementor-widget-container\">\n\t\t\t\t\t<style id=\"wpforms-css-vars-elementor-widget-d9a8646\">\n\t\t\t\t.elementor-widget-wpforms.elementor-element-d9a8646 {\n\t\t\t\t--wpforms-button-background-color: #F6931E;\n\t\t\t}\n\t\t\t<\/style><div class=\"wpforms-container wpforms-container-full wpforms-render-modern\" id=\"wpforms-162\"><form id=\"wpforms-form-162\" class=\"wpforms-validate wpforms-form wpforms-ajax-form\" data-formid=\"162\" method=\"post\" enctype=\"multipart\/form-data\" action=\"\/index.php\/wp-json\/wp\/v2\/pages\/119\" data-token=\"1f7c0283b121714c76caf9c96b11c7d7\" data-token-time=\"1775834107\"><noscript class=\"wpforms-error-noscript\">Veuillez activer JavaScript dans votre navigateur pour remplir ce formulaire.<\/noscript><div id=\"wpforms-error-noscript\" style=\"display: none;\">Veuillez activer JavaScript dans votre navigateur pour remplir ce formulaire.<\/div><div class=\"wpforms-field-container\"><div id=\"wpforms-162-field_1-container\" class=\"wpforms-field wpforms-field-name\" data-field-id=\"1\"><label class=\"wpforms-field-label\" for=\"wpforms-162-field_1\">Nom <span class=\"wpforms-required-label\" aria-hidden=\"true\">*<\/span><\/label><input type=\"text\" id=\"wpforms-162-field_1\" class=\"wpforms-field-medium wpforms-field-required\" name=\"wpforms[fields][1]\" aria-errormessage=\"wpforms-162-field_1-error\" required><\/div><div id=\"wpforms-162-field_4-container\" class=\"wpforms-field wpforms-field-text\" data-field-id=\"4\"><label class=\"wpforms-field-label\" for=\"wpforms-162-field_4\">T\u00e9l\u00e9phone <span class=\"wpforms-required-label\" aria-hidden=\"true\">*<\/span><\/label><input type=\"text\" id=\"wpforms-162-field_4\" class=\"wpforms-field-medium wpforms-field-required\" name=\"wpforms[fields][4]\" aria-errormessage=\"wpforms-162-field_4-error\" required><\/div><div id=\"wpforms-162-field_6-container\" class=\"wpforms-field wpforms-field-select wpforms-field-select-style-modern\" data-field-id=\"6\"><label class=\"wpforms-field-label\" for=\"wpforms-162-field_6\">Prestation <span class=\"wpforms-required-label\" aria-hidden=\"true\">*<\/span><\/label><select id=\"wpforms-162-field_6\" class=\"wpforms-field-medium wpforms-field-required choicesjs-select\" data-size-class=\"wpforms-field-row wpforms-field-medium\" data-search-enabled=\"\" name=\"wpforms[fields][6][]\" required=\"required\" multiple=\"multiple\"><option value=\"\" class=\"placeholder\" disabled >--- S\u00e9lectionner un choix ---<\/option><option value=\"Massage\"  class=\"choice-2 depth-1\"  >Massage<\/option><option value=\"Beaut\u00e9 Mains\/Pieds\"  class=\"choice-4 depth-1\"  >Beaut\u00e9 Mains\/Pieds<\/option><option value=\"Soin visage\"  class=\"choice-3 depth-1\"  >Soin visage<\/option><option value=\"Epilation\"  class=\"choice-1 depth-1\"  >Epilation<\/option><\/select><\/div>\t\t<div id=\"wpforms-162-field_2-container\"\n\t\t\tclass=\"wpforms-field wpforms-field-text\"\n\t\t\tdata-field-type=\"text\"\n\t\t\tdata-field-id=\"2\"\n\t\t\t>\n\t\t\t<label class=\"wpforms-field-label\" for=\"wpforms-162-field_2\" >Nom T\u00e9l\u00e9phone Commentaire<\/label>\n\t\t\t<input type=\"text\" id=\"wpforms-162-field_2\" class=\"wpforms-field-medium\" name=\"wpforms[fields][2]\" >\n\t\t<\/div>\n\t\t<div id=\"wpforms-162-field_3-container\" class=\"wpforms-field wpforms-field-textarea\" data-field-id=\"3\"><label class=\"wpforms-field-label\" for=\"wpforms-162-field_3\">Commentaire<\/label><textarea id=\"wpforms-162-field_3\" class=\"wpforms-field-medium\" name=\"wpforms[fields][3]\" aria-errormessage=\"wpforms-162-field_3-error\" ><\/textarea><\/div><script>\n\t\t\t\t( function() {\n\t\t\t\t\tconst style = document.createElement( 'style' );\n\t\t\t\t\tstyle.appendChild( document.createTextNode( '#wpforms-162-field_2-container { position: absolute !important; overflow: hidden !important; display: inline !important; height: 1px !important; width: 1px !important; z-index: -1000 !important; padding: 0 !important; } #wpforms-162-field_2-container input { visibility: hidden; } #wpforms-conversational-form-page #wpforms-162-field_2-container label { counter-increment: none; }' ) );\n\t\t\t\t\tdocument.head.appendChild( style );\n\t\t\t\t\tdocument.currentScript?.remove();\n\t\t\t\t} )();\n\t\t\t<\/script><\/div><!-- .wpforms-field-container --><div class=\"wpforms-submit-container\" ><input type=\"hidden\" name=\"wpforms[id]\" value=\"162\"><input type=\"hidden\" name=\"page_title\" value=\"\"><input type=\"hidden\" name=\"page_url\" value=\"https:\/\/sofybeauty.fr\/index.php\/wp-json\/wp\/v2\/pages\/119\"><input type=\"hidden\" name=\"url_referer\" value=\"\"><button type=\"submit\" name=\"wpforms[submit]\" id=\"wpforms-submit-162\" class=\"wpforms-submit\" data-alt-text=\"Envoi...\" data-submit-text=\"Envoyer\" aria-live=\"assertive\" value=\"wpforms-submit\">Envoyer<\/button><img decoding=\"async\" src=\"https:\/\/sofybeauty.fr\/wp-content\/plugins\/wpforms-lite\/assets\/images\/submit-spin.svg\" class=\"wpforms-submit-spinner\" style=\"display: none;\" width=\"26\" height=\"26\" alt=\"Chargement en cours\"><\/div><\/form><\/div>  <!-- .wpforms-container -->\t\t\t\t<\/div>\n\t\t\t\t<\/div>\n\t\t\t\t\t<\/div>\n\t\t\t\t<\/div>\n\t\t\t\t<\/div>\n\t\t","protected":false},"excerpt":{"rendered":"<p>Veuillez activer JavaScript dans votre navigateur pour remplir ce formulaire.Veuillez activer JavaScript dans votre navigateur pour remplir ce formulaire.Nom *T\u00e9l\u00e9phone *Prestation *&#8212; S\u00e9lectionner un choix &#8212;MassageBeaut\u00e9 Mains\/PiedsSoin visageEpilationCommentaire Envoyer<\/p>\n","protected":false},"author":1,"featured_media":0,"parent":0,"menu_order":0,"comment_status":"closed","ping_status":"closed","template":"","meta":{"_uag_custom_page_level_css":"","footnotes":""},"class_list":["post-119","page","type-page","status-publish","hentry"],"yoast_head":"<!-- This site is optimized with the Yoast SEO plugin v26.6 - https:\/\/yoast.com\/wordpress\/plugins\/seo\/ -->\n<title>Bons Cadeaux - Sofy Beauty<\/title>\n<meta name=\"robots\" content=\"noindex, follow, max-snippet:-1, max-image-preview:large, max-video-preview:-1\" \/>\n<meta property=\"og:locale\" content=\"fr_FR\" \/>\n<meta property=\"og:type\" content=\"article\" \/>\n<meta property=\"og:title\" content=\"Bons Cadeaux - Sofy Beauty\" \/>\n<meta property=\"og:description\" content=\"Veuillez activer JavaScript dans votre navigateur pour remplir ce formulaire.Veuillez activer JavaScript dans votre navigateur pour remplir ce formulaire.Nom *T\u00e9l\u00e9phone *Prestation *&#8212; S\u00e9lectionner un choix &#8212;MassageBeaut\u00e9 Mains\/PiedsSoin visageEpilationCommentaire Envoyer\" \/>\n<meta property=\"og:url\" content=\"https:\/\/sofybeauty.fr\/index.php\/bons-cadeaux\/\" \/>\n<meta property=\"og:site_name\" content=\"Sofy Beauty\" \/>\n<meta property=\"article:modified_time\" content=\"2026-03-13T10:39:21+00:00\" \/>\n<meta property=\"og:image\" content=\"http:\/\/ovidbip.cluster121.hosting.ovh.net\/wp-content\/plugins\/elementor\/assets\/images\/placeholder.png\" \/>\n<meta name=\"twitter:card\" content=\"summary_large_image\" \/>\n<meta name=\"twitter:label1\" content=\"Dur\u00e9e de lecture estim\u00e9e\" \/>\n\t<meta name=\"twitter:data1\" content=\"1 minute\" \/>\n<script type=\"application\/ld+json\" class=\"yoast-schema-graph\">{\"@context\":\"https:\/\/schema.org\",\"@graph\":[{\"@type\":\"WebPage\",\"@id\":\"https:\/\/sofybeauty.fr\/index.php\/bons-cadeaux\/\",\"url\":\"https:\/\/sofybeauty.fr\/index.php\/bons-cadeaux\/\",\"name\":\"Bons Cadeaux - Sofy Beauty\",\"isPartOf\":{\"@id\":\"http:\/\/sofybeauty.fr\/#website\"},\"primaryImageOfPage\":{\"@id\":\"https:\/\/sofybeauty.fr\/index.php\/bons-cadeaux\/#primaryimage\"},\"image\":{\"@id\":\"https:\/\/sofybeauty.fr\/index.php\/bons-cadeaux\/#primaryimage\"},\"thumbnailUrl\":\"http:\/\/ovidbip.cluster121.hosting.ovh.net\/wp-content\/plugins\/elementor\/assets\/images\/placeholder.png\",\"datePublished\":\"2026-01-29T13:09:07+00:00\",\"dateModified\":\"2026-03-13T10:39:21+00:00\",\"breadcrumb\":{\"@id\":\"https:\/\/sofybeauty.fr\/index.php\/bons-cadeaux\/#breadcrumb\"},\"inLanguage\":\"fr-FR\",\"potentialAction\":[{\"@type\":\"ReadAction\",\"target\":[\"https:\/\/sofybeauty.fr\/index.php\/bons-cadeaux\/\"]}]},{\"@type\":\"ImageObject\",\"inLanguage\":\"fr-FR\",\"@id\":\"https:\/\/sofybeauty.fr\/index.php\/bons-cadeaux\/#primaryimage\",\"url\":\"http:\/\/ovidbip.cluster121.hosting.ovh.net\/wp-content\/plugins\/elementor\/assets\/images\/placeholder.png\",\"contentUrl\":\"http:\/\/ovidbip.cluster121.hosting.ovh.net\/wp-content\/plugins\/elementor\/assets\/images\/placeholder.png\"},{\"@type\":\"BreadcrumbList\",\"@id\":\"https:\/\/sofybeauty.fr\/index.php\/bons-cadeaux\/#breadcrumb\",\"itemListElement\":[{\"@type\":\"ListItem\",\"position\":1,\"name\":\"Accueil\",\"item\":\"http:\/\/sofybeauty.fr\/\"},{\"@type\":\"ListItem\",\"position\":2,\"name\":\"Bons Cadeaux\"}]},{\"@type\":\"WebSite\",\"@id\":\"http:\/\/sofybeauty.fr\/#website\",\"url\":\"http:\/\/sofybeauty.fr\/\",\"name\":\"Sofy Beauty\",\"description\":\"\",\"publisher\":{\"@id\":\"http:\/\/sofybeauty.fr\/#organization\"},\"potentialAction\":[{\"@type\":\"SearchAction\",\"target\":{\"@type\":\"EntryPoint\",\"urlTemplate\":\"http:\/\/sofybeauty.fr\/?s={search_term_string}\"},\"query-input\":{\"@type\":\"PropertyValueSpecification\",\"valueRequired\":true,\"valueName\":\"search_term_string\"}}],\"inLanguage\":\"fr-FR\"},{\"@type\":\"Organization\",\"@id\":\"http:\/\/sofybeauty.fr\/#organization\",\"name\":\"Sofy Beauty\",\"url\":\"http:\/\/sofybeauty.fr\/\",\"logo\":{\"@type\":\"ImageObject\",\"inLanguage\":\"fr-FR\",\"@id\":\"http:\/\/sofybeauty.fr\/#\/schema\/logo\/image\/\",\"url\":\"https:\/\/sofybeauty.fr\/wp-content\/uploads\/2025\/12\/logo-principal-100-e1771940008382.jpg\",\"contentUrl\":\"https:\/\/sofybeauty.fr\/wp-content\/uploads\/2025\/12\/logo-principal-100-e1771940008382.jpg\",\"width\":1023,\"height\":625,\"caption\":\"Sofy Beauty\"},\"image\":{\"@id\":\"http:\/\/sofybeauty.fr\/#\/schema\/logo\/image\/\"}}]}<\/script>\n<!-- \/ Yoast SEO plugin. -->","yoast_head_json":{"title":"Bons Cadeaux - Sofy Beauty","robots":{"index":"noindex","follow":"follow","max-snippet":"max-snippet:-1","max-image-preview":"max-image-preview:large","max-video-preview":"max-video-preview:-1"},"og_locale":"fr_FR","og_type":"article","og_title":"Bons Cadeaux - Sofy Beauty","og_description":"Veuillez activer JavaScript dans votre navigateur pour remplir ce formulaire.Veuillez activer JavaScript dans votre navigateur pour remplir ce formulaire.Nom *T\u00e9l\u00e9phone *Prestation *&#8212; S\u00e9lectionner un choix &#8212;MassageBeaut\u00e9 Mains\/PiedsSoin visageEpilationCommentaire Envoyer","og_url":"https:\/\/sofybeauty.fr\/index.php\/bons-cadeaux\/","og_site_name":"Sofy Beauty","article_modified_time":"2026-03-13T10:39:21+00:00","og_image":[{"url":"http:\/\/ovidbip.cluster121.hosting.ovh.net\/wp-content\/plugins\/elementor\/assets\/images\/placeholder.png","type":"","width":"","height":""}],"twitter_card":"summary_large_image","twitter_misc":{"Dur\u00e9e de lecture estim\u00e9e":"1 minute"},"schema":{"@context":"https:\/\/schema.org","@graph":[{"@type":"WebPage","@id":"https:\/\/sofybeauty.fr\/index.php\/bons-cadeaux\/","url":"https:\/\/sofybeauty.fr\/index.php\/bons-cadeaux\/","name":"Bons Cadeaux - Sofy Beauty","isPartOf":{"@id":"http:\/\/sofybeauty.fr\/#website"},"primaryImageOfPage":{"@id":"https:\/\/sofybeauty.fr\/index.php\/bons-cadeaux\/#primaryimage"},"image":{"@id":"https:\/\/sofybeauty.fr\/index.php\/bons-cadeaux\/#primaryimage"},"thumbnailUrl":"http:\/\/ovidbip.cluster121.hosting.ovh.net\/wp-content\/plugins\/elementor\/assets\/images\/placeholder.png","datePublished":"2026-01-29T13:09:07+00:00","dateModified":"2026-03-13T10:39:21+00:00","breadcrumb":{"@id":"https:\/\/sofybeauty.fr\/index.php\/bons-cadeaux\/#breadcrumb"},"inLanguage":"fr-FR","potentialAction":[{"@type":"ReadAction","target":["https:\/\/sofybeauty.fr\/index.php\/bons-cadeaux\/"]}]},{"@type":"ImageObject","inLanguage":"fr-FR","@id":"https:\/\/sofybeauty.fr\/index.php\/bons-cadeaux\/#primaryimage","url":"http:\/\/ovidbip.cluster121.hosting.ovh.net\/wp-content\/plugins\/elementor\/assets\/images\/placeholder.png","contentUrl":"http:\/\/ovidbip.cluster121.hosting.ovh.net\/wp-content\/plugins\/elementor\/assets\/images\/placeholder.png"},{"@type":"BreadcrumbList","@id":"https:\/\/sofybeauty.fr\/index.php\/bons-cadeaux\/#breadcrumb","itemListElement":[{"@type":"ListItem","position":1,"name":"Accueil","item":"http:\/\/sofybeauty.fr\/"},{"@type":"ListItem","position":2,"name":"Bons Cadeaux"}]},{"@type":"WebSite","@id":"http:\/\/sofybeauty.fr\/#website","url":"http:\/\/sofybeauty.fr\/","name":"Sofy Beauty","description":"","publisher":{"@id":"http:\/\/sofybeauty.fr\/#organization"},"potentialAction":[{"@type":"SearchAction","target":{"@type":"EntryPoint","urlTemplate":"http:\/\/sofybeauty.fr\/?s={search_term_string}"},"query-input":{"@type":"PropertyValueSpecification","valueRequired":true,"valueName":"search_term_string"}}],"inLanguage":"fr-FR"},{"@type":"Organization","@id":"http:\/\/sofybeauty.fr\/#organization","name":"Sofy Beauty","url":"http:\/\/sofybeauty.fr\/","logo":{"@type":"ImageObject","inLanguage":"fr-FR","@id":"http:\/\/sofybeauty.fr\/#\/schema\/logo\/image\/","url":"https:\/\/sofybeauty.fr\/wp-content\/uploads\/2025\/12\/logo-principal-100-e1771940008382.jpg","contentUrl":"https:\/\/sofybeauty.fr\/wp-content\/uploads\/2025\/12\/logo-principal-100-e1771940008382.jpg","width":1023,"height":625,"caption":"Sofy Beauty"},"image":{"@id":"http:\/\/sofybeauty.fr\/#\/schema\/logo\/image\/"}}]}},"uagb_featured_image_src":{"full":false,"thumbnail":false,"medium":false,"medium_large":false,"large":false,"1536x1536":false,"2048x2048":false},"uagb_author_info":{"display_name":"admin4599","author_link":"https:\/\/sofybeauty.fr\/index.php\/author\/admin4599\/"},"uagb_comment_info":0,"uagb_excerpt":"Veuillez activer JavaScript dans votre navigateur pour remplir ce formulaire.Veuillez activer JavaScript dans votre navigateur pour remplir ce formulaire.Nom *T\u00e9l\u00e9phone *Prestation *&#8212; S\u00e9lectionner un choix &#8212;MassageBeaut\u00e9 Mains\/PiedsSoin visageEpilationCommentaire Envoyer","_links":{"self":[{"href":"https:\/\/sofybeauty.fr\/index.php\/wp-json\/wp\/v2\/pages\/119","targetHints":{"allow":["GET"]}}],"collection":[{"href":"https:\/\/sofybeauty.fr\/index.php\/wp-json\/wp\/v2\/pages"}],"about":[{"href":"https:\/\/sofybeauty.fr\/index.php\/wp-json\/wp\/v2\/types\/page"}],"author":[{"embeddable":true,"href":"https:\/\/sofybeauty.fr\/index.php\/wp-json\/wp\/v2\/users\/1"}],"replies":[{"embeddable":true,"href":"https:\/\/sofybeauty.fr\/index.php\/wp-json\/wp\/v2\/comments?post=119"}],"version-history":[{"count":5,"href":"https:\/\/sofybeauty.fr\/index.php\/wp-json\/wp\/v2\/pages\/119\/revisions"}],"predecessor-version":[{"id":238,"href":"https:\/\/sofybeauty.fr\/index.php\/wp-json\/wp\/v2\/pages\/119\/revisions\/238"}],"wp:attachment":[{"href":"https:\/\/sofybeauty.fr\/index.php\/wp-json\/wp\/v2\/media?parent=119"}],"curies":[{"name":"wp","href":"https:\/\/api.w.org\/{rel}","templated":true}]}}