{"id":115,"date":"2026-01-29T13:54:20","date_gmt":"2026-01-29T12:54:20","guid":{"rendered":"http:\/\/ovidbip.cluster121.hosting.ovh.net\/?page_id=115"},"modified":"2026-03-26T16:15:10","modified_gmt":"2026-03-26T15:15:10","slug":"prestations","status":"publish","type":"page","link":"https:\/\/sofybeauty.fr\/index.php\/prestations\/","title":{"rendered":"Prestations"},"content":{"rendered":"\t\t<div data-elementor-type=\"wp-page\" data-elementor-id=\"115\" class=\"elementor elementor-115\">\n\t\t\t\t<div class=\"elementor-element elementor-element-a600ecf e-flex e-con-boxed e-con e-parent\" data-id=\"a600ecf\" data-element_type=\"container\">\n\t\t\t\t\t<div class=\"e-con-inner\">\n\t\t\t\t<div class=\"elementor-element elementor-element-feee57c e-n-tabs-mobile elementor-widget elementor-widget-n-tabs\" data-id=\"feee57c\" data-element_type=\"widget\" data-settings=\"{&quot;horizontal_scroll&quot;:&quot;disable&quot;}\" data-widget_type=\"nested-tabs.default\">\n\t\t\t\t\t\t\t<div class=\"e-n-tabs\" data-widget-number=\"267314556\" aria-label=\"Onglets. Ouvrez des \u00e9l\u00e9ments avec Entrer ou Espace, fermez-les avec Echape et naviguez \u00e0 l&#039;aide des touches fl\u00e9ch\u00e9es.\">\n\t\t\t<div class=\"e-n-tabs-heading\" role=\"tablist\">\n\t\t\t\t\t<button id=\"e-n-tab-title-2673145561\" data-tab-title-id=\"e-n-tab-title-2673145561\" class=\"e-n-tab-title\" aria-selected=\"true\" data-tab-index=\"1\" role=\"tab\" tabindex=\"0\" aria-controls=\"e-n-tab-content-2673145561\" style=\"--n-tabs-title-order: 1;\">\n\t\t\t\t\t\t<span class=\"e-n-tab-title-text\">\n\t\t\t\tEpilations\t\t\t<\/span>\n\t\t<\/button>\n\t\t\t\t<button id=\"e-n-tab-title-2673145562\" data-tab-title-id=\"e-n-tab-title-2673145562\" class=\"e-n-tab-title\" aria-selected=\"false\" data-tab-index=\"2\" role=\"tab\" tabindex=\"-1\" aria-controls=\"e-n-tab-content-2673145562\" style=\"--n-tabs-title-order: 2;\">\n\t\t\t\t\t\t<span class=\"e-n-tab-title-text\">\n\t\t\t\tSoin Visage\t\t\t<\/span>\n\t\t<\/button>\n\t\t\t\t<button id=\"e-n-tab-title-2673145563\" data-tab-title-id=\"e-n-tab-title-2673145563\" class=\"e-n-tab-title\" aria-selected=\"false\" data-tab-index=\"3\" role=\"tab\" tabindex=\"-1\" aria-controls=\"e-n-tab-content-2673145563\" style=\"--n-tabs-title-order: 3;\">\n\t\t\t\t\t\t<span class=\"e-n-tab-title-text\">\n\t\t\t\tSoin Corps\t\t\t<\/span>\n\t\t<\/button>\n\t\t\t\t<button id=\"e-n-tab-title-2673145564\" data-tab-title-id=\"e-n-tab-title-2673145564\" class=\"e-n-tab-title\" aria-selected=\"false\" data-tab-index=\"4\" role=\"tab\" tabindex=\"-1\" aria-controls=\"e-n-tab-content-2673145564\" style=\"--n-tabs-title-order: 4;\">\n\t\t\t\t\t\t<span class=\"e-n-tab-title-text\">\n\t\t\t\tOngles\t\t\t<\/span>\n\t\t<\/button>\n\t\t\t\t\t<\/div>\n\t\t\t<div class=\"e-n-tabs-content\">\n\t\t\t\t<div id=\"e-n-tab-content-2673145561\" role=\"tabpanel\" aria-labelledby=\"e-n-tab-title-2673145561\" data-tab-index=\"1\" style=\"--n-tabs-title-order: 1;\" class=\"e-active elementor-element elementor-element-81437b2 e-con-full e-flex e-con e-child\" data-id=\"81437b2\" data-element_type=\"container\">\n\t\t<div class=\"elementor-element elementor-element-f5fff79 e-con-full e-flex e-con e-child\" data-id=\"f5fff79\" data-element_type=\"container\">\n\t\t\t\t<div class=\"elementor-element elementor-element-71c1fa0 elementor-widget elementor-widget-heading\" data-id=\"71c1fa0\" data-element_type=\"widget\" data-widget_type=\"heading.default\">\n\t\t\t\t\t<h4 class=\"elementor-heading-title elementor-size-default\">Epilations f\u00e9minines<\/h4>\t\t\t\t<\/div>\n\t\t\t\t<div class=\"elementor-element elementor-element-7e353b9 elementor-widget__width-initial elementor-widget elementor-widget-text-editor\" data-id=\"7e353b9\" data-element_type=\"widget\" data-widget_type=\"text-editor.default\">\n\t\t\t\t\t\t\t\t\t<p>AISSELLES<\/p>\n<p>BRAS<\/p>\n<p>1\/2 JAMBES<\/p>\n<p>JAMBES ENTI\u00c8RES<\/p>\n<p>CUISSES&nbsp;<\/p>\n<p>3\/4 JAMBES<\/p>\n<p>MAILLOT CLASSIQUE<\/p>\n<p>MAILLOT BR\u00c9SILIEN<\/p>\n<p>MAILLOT INT\u00c9GRAL<\/p>\n<p>L\u00c8VRES<\/p>\n<p>SOURCILS<\/p>\n<p>MENTON<\/p>\n<p>MENTON + L\u00c8VRES&nbsp;<\/p>\t\t\t\t\t\t\t\t<\/div>\n\t\t\t\t<div class=\"elementor-element elementor-element-f6a9b4c elementor-widget elementor-widget-heading\" data-id=\"f6a9b4c\" data-element_type=\"widget\" data-widget_type=\"heading.default\">\n\t\t\t\t\t<h4 class=\"elementor-heading-title elementor-size-default\">Epilations masculines<\/h4>\t\t\t\t<\/div>\n\t\t\t\t<div class=\"elementor-element elementor-element-3d9273b elementor-widget__width-initial elementor-widget elementor-widget-text-editor\" data-id=\"3d9273b\" data-element_type=\"widget\" data-widget_type=\"text-editor.default\">\n\t\t\t\t\t\t\t\t\t<p>NEZ OU OREILLES<\/p>\n<p>SOURCILS<\/p>\n<p>AISSELLES<\/p>\n<p>TORSE<\/p>\n<p>VENTRE<\/p>\n<p>DOS OU FESSES<\/p>\n<p>\u00c9PAULES<\/p>\n<p>JAMBES ENTI\u00c8RES<\/p>\t\t\t\t\t\t\t\t<\/div>\n\t\t\t\t<\/div>\n\t\t<div class=\"elementor-element elementor-element-05fc8e9 e-con-full e-flex e-con e-child\" data-id=\"05fc8e9\" data-element_type=\"container\">\n\t\t\t\t<div class=\"elementor-element elementor-element-e729a47 elementor-widget elementor-widget-text-editor\" data-id=\"e729a47\" data-element_type=\"widget\" data-widget_type=\"text-editor.default\">\n\t\t\t\t\t\t\t\t\t<p>10 \u20ac<\/p><p>15 \u20ac<\/p><p>16 \u20ac<\/p><p>25 \u20ac<\/p><p>20 \u20ac<\/p><p>22 \u20ac<\/p><p>15 \u20ac<\/p><p>20 \u20ac<\/p><p>25 \u20ac<\/p><p>8 \u20ac<\/p><p>8 \u20ac<\/p><p>10 \u20ac\u00a0<\/p><p>16 \u20ac<\/p>\t\t\t\t\t\t\t\t<\/div>\n\t\t\t\t<div class=\"elementor-element elementor-element-e02360e elementor-widget elementor-widget-text-editor\" data-id=\"e02360e\" data-element_type=\"widget\" data-widget_type=\"text-editor.default\">\n\t\t\t\t\t\t\t\t\t<p>8 \u20ac<\/p><p>10 \u20ac<\/p><p>14 \u20ac<\/p><p>20 \u20ac<\/p><p>15 \u20ac<\/p><p>25 \u20ac<\/p><p>15 \u20ac<\/p><p>30 \u20ac<\/p>\t\t\t\t\t\t\t\t<\/div>\n\t\t\t\t<\/div>\n\t\t<div class=\"elementor-element elementor-element-b9e0906 e-con-full e-flex e-con e-child\" data-id=\"b9e0906\" data-element_type=\"container\">\n\t\t\t\t<div class=\"elementor-element elementor-element-30ef896 elementor-widget elementor-widget-image\" data-id=\"30ef896\" data-element_type=\"widget\" data-widget_type=\"image.default\">\n\t\t\t\t\t\t\t\t\t\t\t\t\t\t\t<img fetchpriority=\"high\" decoding=\"async\" width=\"574\" height=\"1020\" src=\"https:\/\/sofybeauty.fr\/wp-content\/uploads\/2025\/12\/2024-04-27.jpg\" class=\"attachment-large size-large wp-image-11\" alt=\"\" srcset=\"https:\/\/sofybeauty.fr\/wp-content\/uploads\/2025\/12\/2024-04-27.jpg 574w, https:\/\/sofybeauty.fr\/wp-content\/uploads\/2025\/12\/2024-04-27-169x300.jpg 169w\" sizes=\"(max-width: 574px) 100vw, 574px\" \/>\t\t\t\t\t\t\t\t\t\t\t\t\t\t\t<\/div>\n\t\t\t\t<\/div>\n\t\t\t\t<\/div>\n\t\t<div id=\"e-n-tab-content-2673145562\" role=\"tabpanel\" aria-labelledby=\"e-n-tab-title-2673145562\" data-tab-index=\"2\" style=\"--n-tabs-title-order: 2;\" class=\" elementor-element elementor-element-f28c7e7 e-con-full e-flex e-con e-child\" data-id=\"f28c7e7\" data-element_type=\"container\">\n\t\t<div class=\"elementor-element elementor-element-20ba94a e-con-full e-flex e-con e-child\" data-id=\"20ba94a\" data-element_type=\"container\">\n\t\t\t\t<div class=\"elementor-element elementor-element-aa533ab elementor-widget elementor-widget-text-editor\" data-id=\"aa533ab\" data-element_type=\"widget\" data-widget_type=\"text-editor.default\">\n\t\t\t\t\t\t\t\t\t<p>SOIN COUP D&rsquo;ECLAT<\/p><p>SOIN PERSONNALIS\u00c9<\/p><p>SOIN ANTI-RIDES<\/p><p>TEINTURE CILS<\/p><p>TEINTURE SOURCILS<\/p>\t\t\t\t\t\t\t\t<\/div>\n\t\t\t\t<\/div>\n\t\t<div class=\"elementor-element elementor-element-e460abe e-con-full e-flex e-con e-child\" data-id=\"e460abe\" data-element_type=\"container\">\n\t\t\t\t<div class=\"elementor-element elementor-element-41c8d27 elementor-widget elementor-widget-text-editor\" data-id=\"41c8d27\" data-element_type=\"widget\" data-widget_type=\"text-editor.default\">\n\t\t\t\t\t\t\t\t\t<p>30 \u20ac<\/p><p>50 \u20ac<\/p><p>60 \u20ac<\/p><p>20 \u20ac<\/p><p>16 \u20ac<\/p>\t\t\t\t\t\t\t\t<\/div>\n\t\t\t\t<\/div>\n\t\t<div class=\"elementor-element elementor-element-b97290d e-con-full e-flex e-con e-child\" data-id=\"b97290d\" data-element_type=\"container\">\n\t\t\t\t<div class=\"elementor-element elementor-element-c85449c elementor-widget elementor-widget-image\" data-id=\"c85449c\" data-element_type=\"widget\" data-widget_type=\"image.default\">\n\t\t\t\t\t\t\t\t\t\t\t\t\t\t\t<img decoding=\"async\" src=\"https:\/\/sofybeauty.fr\/wp-content\/plugins\/elementor\/assets\/images\/placeholder.png\" title=\"\" alt=\"\" loading=\"lazy\" \/>\t\t\t\t\t\t\t\t\t\t\t\t\t\t\t<\/div>\n\t\t\t\t<\/div>\n\t\t\t\t<\/div>\n\t\t<div id=\"e-n-tab-content-2673145563\" role=\"tabpanel\" aria-labelledby=\"e-n-tab-title-2673145563\" data-tab-index=\"3\" style=\"--n-tabs-title-order: 3;\" class=\" elementor-element elementor-element-f7d161b e-con-full e-flex e-con e-child\" data-id=\"f7d161b\" data-element_type=\"container\">\n\t\t<div class=\"elementor-element elementor-element-0af6dcd e-con-full e-flex e-con e-child\" data-id=\"0af6dcd\" data-element_type=\"container\">\n\t\t\t\t<div class=\"elementor-element elementor-element-2feed42 elementor-widget elementor-widget-text-editor\" data-id=\"2feed42\" data-element_type=\"widget\" data-widget_type=\"text-editor.default\">\n\t\t\t\t\t\t\t\t\t<p>GOMMAGE + HYDRATATION<\/p><p>MASSAGE D\u00c9TENTE 30 MINUTES<\/p><p>MASSAGE D\u00c9TENTE 1H<\/p><p>MASSAGE D\u00c9TENTE 1H30<\/p>\t\t\t\t\t\t\t\t<\/div>\n\t\t\t\t<\/div>\n\t\t<div class=\"elementor-element elementor-element-0daa47c e-con-full e-flex e-con e-child\" data-id=\"0daa47c\" data-element_type=\"container\">\n\t\t\t\t<div class=\"elementor-element elementor-element-fa38702 elementor-widget elementor-widget-text-editor\" data-id=\"fa38702\" data-element_type=\"widget\" data-widget_type=\"text-editor.default\">\n\t\t\t\t\t\t\t\t\t<p>35 \u20ac<\/p><p>33 \u20ac<\/p><p>65 \u20ac<\/p><p>85 \u20ac<\/p>\t\t\t\t\t\t\t\t<\/div>\n\t\t\t\t<\/div>\n\t\t<div class=\"elementor-element elementor-element-af4bafb e-con-full e-flex e-con e-child\" data-id=\"af4bafb\" data-element_type=\"container\">\n\t\t\t\t<div class=\"elementor-element elementor-element-df2f435 elementor-widget elementor-widget-image\" data-id=\"df2f435\" data-element_type=\"widget\" data-widget_type=\"image.default\">\n\t\t\t\t\t\t\t\t\t\t\t\t\t\t\t<img decoding=\"async\" width=\"768\" height=\"1024\" src=\"https:\/\/sofybeauty.fr\/wp-content\/uploads\/2026\/03\/628f564f-2f80-42f4-a3b4-8a10094dc1b7-768x1024.jpg\" class=\"attachment-large size-large wp-image-297\" alt=\"\" srcset=\"https:\/\/sofybeauty.fr\/wp-content\/uploads\/2026\/03\/628f564f-2f80-42f4-a3b4-8a10094dc1b7-768x1024.jpg 768w, https:\/\/sofybeauty.fr\/wp-content\/uploads\/2026\/03\/628f564f-2f80-42f4-a3b4-8a10094dc1b7-225x300.jpg 225w, https:\/\/sofybeauty.fr\/wp-content\/uploads\/2026\/03\/628f564f-2f80-42f4-a3b4-8a10094dc1b7-1152x1536.jpg 1152w, https:\/\/sofybeauty.fr\/wp-content\/uploads\/2026\/03\/628f564f-2f80-42f4-a3b4-8a10094dc1b7.jpg 1536w\" sizes=\"(max-width: 768px) 100vw, 768px\" \/>\t\t\t\t\t\t\t\t\t\t\t\t\t\t\t<\/div>\n\t\t\t\t<\/div>\n\t\t\t\t<\/div>\n\t\t<div id=\"e-n-tab-content-2673145564\" role=\"tabpanel\" aria-labelledby=\"e-n-tab-title-2673145564\" data-tab-index=\"4\" style=\"--n-tabs-title-order: 4;\" class=\" elementor-element elementor-element-bf8c27f e-flex e-con-boxed e-con e-child\" data-id=\"bf8c27f\" data-element_type=\"container\">\n\t\t\t\t\t<div class=\"e-con-inner\">\n\t\t<div class=\"elementor-element elementor-element-172d021 e-con-full e-flex e-con e-child\" data-id=\"172d021\" data-element_type=\"container\">\n\t\t\t\t<div class=\"elementor-element elementor-element-65fc90b elementor-widget elementor-widget-heading\" data-id=\"65fc90b\" data-element_type=\"widget\" data-widget_type=\"heading.default\">\n\t\t\t\t\t<h4 class=\"elementor-heading-title elementor-size-default\">Onglerie<\/h4>\t\t\t\t<\/div>\n\t\t\t\t<div class=\"elementor-element elementor-element-59e6e9e elementor-widget elementor-widget-text-editor\" data-id=\"59e6e9e\" data-element_type=\"widget\" data-widget_type=\"text-editor.default\">\n\t\t\t\t\t\t\t\t\t<p>POSE VERNIS<\/p><p>MANUCURE SIMPLE<\/p><p>BEAUT\u00c9 DES PIEDS<\/p><p>SOIN DES PIEDS + SPA<\/p>\t\t\t\t\t\t\t\t<\/div>\n\t\t\t\t<div class=\"elementor-element elementor-element-ccf4e20 elementor-widget elementor-widget-heading\" data-id=\"ccf4e20\" data-element_type=\"widget\" data-widget_type=\"heading.default\">\n\t\t\t\t\t<h4 class=\"elementor-heading-title elementor-size-default\">Semi-permanent<\/h4>\t\t\t\t<\/div>\n\t\t\t\t<div class=\"elementor-element elementor-element-cb17693 elementor-widget elementor-widget-text-editor\" data-id=\"cb17693\" data-element_type=\"widget\" data-widget_type=\"text-editor.default\">\n\t\t\t\t\t\t\t\t\t<p>POSE VERNIS<\/p><p>D\u00c9POSE + POSE<\/p>\t\t\t\t\t\t\t\t<\/div>\n\t\t\t\t<\/div>\n\t\t<div class=\"elementor-element elementor-element-3663ffb e-con-full e-flex e-con e-child\" data-id=\"3663ffb\" data-element_type=\"container\">\n\t\t\t\t<div class=\"elementor-element elementor-element-cc932fd elementor-widget__width-initial elementor-widget elementor-widget-text-editor\" data-id=\"cc932fd\" data-element_type=\"widget\" data-widget_type=\"text-editor.default\">\n\t\t\t\t\t\t\t\t\t<p>10 \u20ac<\/p><p>25 \u20ac<\/p><p>28 \u20ac<\/p><p>35 \u20ac<\/p>\t\t\t\t\t\t\t\t<\/div>\n\t\t\t\t<div class=\"elementor-element elementor-element-091c2af elementor-widget__width-initial elementor-widget elementor-widget-text-editor\" data-id=\"091c2af\" data-element_type=\"widget\" data-widget_type=\"text-editor.default\">\n\t\t\t\t\t\t\t\t\t<p>30 \u20ac<\/p><p>38 \u20ac<\/p>\t\t\t\t\t\t\t\t<\/div>\n\t\t\t\t<\/div>\n\t\t<div class=\"elementor-element elementor-element-fcbeed7 e-con-full e-flex e-con e-child\" data-id=\"fcbeed7\" data-element_type=\"container\">\n\t\t\t\t<div class=\"elementor-element elementor-element-1ce92f1 elementor-widget elementor-widget-image\" data-id=\"1ce92f1\" data-element_type=\"widget\" data-widget_type=\"image.default\">\n\t\t\t\t\t\t\t\t\t\t\t\t\t\t\t<img decoding=\"async\" src=\"https:\/\/sofybeauty.fr\/wp-content\/plugins\/elementor\/assets\/images\/placeholder.png\" title=\"\" alt=\"\" loading=\"lazy\" \/>\t\t\t\t\t\t\t\t\t\t\t\t\t\t\t<\/div>\n\t\t\t\t<\/div>\n\t\t\t\t\t<\/div>\n\t\t\t\t<\/div>\n\t\t\t\t\t<\/div>\n\t\t<\/div>\n\t\t\t\t\t\t<\/div>\n\t\t\t\t\t<\/div>\n\t\t\t\t<\/div>\n\t\t\t\t<\/div>\n\t\t","protected":false},"excerpt":{"rendered":"<p>Epilations Soin Visage Soin Corps Ongles Epilations f\u00e9minines AISSELLES BRAS 1\/2 JAMBES JAMBES ENTI\u00c8RES CUISSES&nbsp; 3\/4 JAMBES MAILLOT CLASSIQUE MAILLOT BR\u00c9SILIEN MAILLOT INT\u00c9GRAL L\u00c8VRES SOURCILS MENTON MENTON + L\u00c8VRES&nbsp; Epilations masculines NEZ OU OREILLES SOURCILS AISSELLES TORSE VENTRE DOS OU FESSES \u00c9PAULES JAMBES ENTI\u00c8RES 10 \u20ac 15 \u20ac 16 \u20ac 25 \u20ac 20 \u20ac 22 [&hellip;]<\/p>\n","protected":false},"author":1,"featured_media":0,"parent":0,"menu_order":0,"comment_status":"closed","ping_status":"closed","template":"","meta":{"_uag_custom_page_level_css":"","footnotes":""},"class_list":["post-115","page","type-page","status-publish","hentry"],"yoast_head":"<!-- This site is optimized with the Yoast SEO plugin v26.6 - https:\/\/yoast.com\/wordpress\/plugins\/seo\/ -->\n<title>Prestations - Sofy Beauty<\/title>\n<meta name=\"robots\" content=\"noindex, follow, max-snippet:-1, max-image-preview:large, max-video-preview:-1\" \/>\n<meta property=\"og:locale\" content=\"fr_FR\" \/>\n<meta property=\"og:type\" content=\"article\" \/>\n<meta property=\"og:title\" content=\"Prestations - Sofy Beauty\" \/>\n<meta property=\"og:description\" content=\"Epilations Soin Visage Soin Corps Ongles Epilations f\u00e9minines AISSELLES BRAS 1\/2 JAMBES JAMBES ENTI\u00c8RES CUISSES&nbsp; 3\/4 JAMBES MAILLOT CLASSIQUE MAILLOT BR\u00c9SILIEN MAILLOT INT\u00c9GRAL L\u00c8VRES SOURCILS MENTON MENTON + L\u00c8VRES&nbsp; Epilations masculines NEZ OU OREILLES SOURCILS AISSELLES TORSE VENTRE DOS OU FESSES \u00c9PAULES JAMBES ENTI\u00c8RES 10 \u20ac 15 \u20ac 16 \u20ac 25 \u20ac 20 \u20ac 22 [&hellip;]\" \/>\n<meta property=\"og:url\" content=\"https:\/\/sofybeauty.fr\/index.php\/prestations\/\" \/>\n<meta property=\"og:site_name\" content=\"Sofy Beauty\" \/>\n<meta property=\"article:modified_time\" content=\"2026-03-26T15:15:10+00:00\" \/>\n<meta property=\"og:image\" content=\"http:\/\/sofybeauty.fr\/wp-content\/uploads\/2025\/12\/2024-04-27.jpg\" \/>\n<meta name=\"twitter:card\" content=\"summary_large_image\" \/>\n<meta name=\"twitter:label1\" content=\"Dur\u00e9e de lecture estim\u00e9e\" \/>\n\t<meta name=\"twitter:data1\" content=\"3 minutes\" \/>\n<script type=\"application\/ld+json\" class=\"yoast-schema-graph\">{\"@context\":\"https:\/\/schema.org\",\"@graph\":[{\"@type\":\"WebPage\",\"@id\":\"https:\/\/sofybeauty.fr\/index.php\/prestations\/\",\"url\":\"https:\/\/sofybeauty.fr\/index.php\/prestations\/\",\"name\":\"Prestations - Sofy Beauty\",\"isPartOf\":{\"@id\":\"http:\/\/sofybeauty.fr\/#website\"},\"primaryImageOfPage\":{\"@id\":\"https:\/\/sofybeauty.fr\/index.php\/prestations\/#primaryimage\"},\"image\":{\"@id\":\"https:\/\/sofybeauty.fr\/index.php\/prestations\/#primaryimage\"},\"thumbnailUrl\":\"http:\/\/sofybeauty.fr\/wp-content\/uploads\/2025\/12\/2024-04-27.jpg\",\"datePublished\":\"2026-01-29T12:54:20+00:00\",\"dateModified\":\"2026-03-26T15:15:10+00:00\",\"breadcrumb\":{\"@id\":\"https:\/\/sofybeauty.fr\/index.php\/prestations\/#breadcrumb\"},\"inLanguage\":\"fr-FR\",\"potentialAction\":[{\"@type\":\"ReadAction\",\"target\":[\"https:\/\/sofybeauty.fr\/index.php\/prestations\/\"]}]},{\"@type\":\"ImageObject\",\"inLanguage\":\"fr-FR\",\"@id\":\"https:\/\/sofybeauty.fr\/index.php\/prestations\/#primaryimage\",\"url\":\"https:\/\/sofybeauty.fr\/wp-content\/uploads\/2025\/12\/2024-04-27.jpg\",\"contentUrl\":\"https:\/\/sofybeauty.fr\/wp-content\/uploads\/2025\/12\/2024-04-27.jpg\",\"width\":574,\"height\":1020},{\"@type\":\"BreadcrumbList\",\"@id\":\"https:\/\/sofybeauty.fr\/index.php\/prestations\/#breadcrumb\",\"itemListElement\":[{\"@type\":\"ListItem\",\"position\":1,\"name\":\"Accueil\",\"item\":\"http:\/\/sofybeauty.fr\/\"},{\"@type\":\"ListItem\",\"position\":2,\"name\":\"Prestations\"}]},{\"@type\":\"WebSite\",\"@id\":\"http:\/\/sofybeauty.fr\/#website\",\"url\":\"http:\/\/sofybeauty.fr\/\",\"name\":\"Sofy Beauty\",\"description\":\"\",\"publisher\":{\"@id\":\"http:\/\/sofybeauty.fr\/#organization\"},\"potentialAction\":[{\"@type\":\"SearchAction\",\"target\":{\"@type\":\"EntryPoint\",\"urlTemplate\":\"http:\/\/sofybeauty.fr\/?s={search_term_string}\"},\"query-input\":{\"@type\":\"PropertyValueSpecification\",\"valueRequired\":true,\"valueName\":\"search_term_string\"}}],\"inLanguage\":\"fr-FR\"},{\"@type\":\"Organization\",\"@id\":\"http:\/\/sofybeauty.fr\/#organization\",\"name\":\"Sofy Beauty\",\"url\":\"http:\/\/sofybeauty.fr\/\",\"logo\":{\"@type\":\"ImageObject\",\"inLanguage\":\"fr-FR\",\"@id\":\"http:\/\/sofybeauty.fr\/#\/schema\/logo\/image\/\",\"url\":\"https:\/\/sofybeauty.fr\/wp-content\/uploads\/2025\/12\/logo-principal-100-e1771940008382.jpg\",\"contentUrl\":\"https:\/\/sofybeauty.fr\/wp-content\/uploads\/2025\/12\/logo-principal-100-e1771940008382.jpg\",\"width\":1023,\"height\":625,\"caption\":\"Sofy Beauty\"},\"image\":{\"@id\":\"http:\/\/sofybeauty.fr\/#\/schema\/logo\/image\/\"}}]}<\/script>\n<!-- \/ Yoast SEO plugin. -->","yoast_head_json":{"title":"Prestations - Sofy Beauty","robots":{"index":"noindex","follow":"follow","max-snippet":"max-snippet:-1","max-image-preview":"max-image-preview:large","max-video-preview":"max-video-preview:-1"},"og_locale":"fr_FR","og_type":"article","og_title":"Prestations - Sofy Beauty","og_description":"Epilations Soin Visage Soin Corps Ongles Epilations f\u00e9minines AISSELLES BRAS 1\/2 JAMBES JAMBES ENTI\u00c8RES CUISSES&nbsp; 3\/4 JAMBES MAILLOT CLASSIQUE MAILLOT BR\u00c9SILIEN MAILLOT INT\u00c9GRAL L\u00c8VRES SOURCILS MENTON MENTON + L\u00c8VRES&nbsp; Epilations masculines NEZ OU OREILLES SOURCILS AISSELLES TORSE VENTRE DOS OU FESSES \u00c9PAULES JAMBES ENTI\u00c8RES 10 \u20ac 15 \u20ac 16 \u20ac 25 \u20ac 20 \u20ac 22 [&hellip;]","og_url":"https:\/\/sofybeauty.fr\/index.php\/prestations\/","og_site_name":"Sofy Beauty","article_modified_time":"2026-03-26T15:15:10+00:00","og_image":[{"url":"http:\/\/sofybeauty.fr\/wp-content\/uploads\/2025\/12\/2024-04-27.jpg","type":"","width":"","height":""}],"twitter_card":"summary_large_image","twitter_misc":{"Dur\u00e9e de lecture estim\u00e9e":"3 minutes"},"schema":{"@context":"https:\/\/schema.org","@graph":[{"@type":"WebPage","@id":"https:\/\/sofybeauty.fr\/index.php\/prestations\/","url":"https:\/\/sofybeauty.fr\/index.php\/prestations\/","name":"Prestations - Sofy Beauty","isPartOf":{"@id":"http:\/\/sofybeauty.fr\/#website"},"primaryImageOfPage":{"@id":"https:\/\/sofybeauty.fr\/index.php\/prestations\/#primaryimage"},"image":{"@id":"https:\/\/sofybeauty.fr\/index.php\/prestations\/#primaryimage"},"thumbnailUrl":"http:\/\/sofybeauty.fr\/wp-content\/uploads\/2025\/12\/2024-04-27.jpg","datePublished":"2026-01-29T12:54:20+00:00","dateModified":"2026-03-26T15:15:10+00:00","breadcrumb":{"@id":"https:\/\/sofybeauty.fr\/index.php\/prestations\/#breadcrumb"},"inLanguage":"fr-FR","potentialAction":[{"@type":"ReadAction","target":["https:\/\/sofybeauty.fr\/index.php\/prestations\/"]}]},{"@type":"ImageObject","inLanguage":"fr-FR","@id":"https:\/\/sofybeauty.fr\/index.php\/prestations\/#primaryimage","url":"https:\/\/sofybeauty.fr\/wp-content\/uploads\/2025\/12\/2024-04-27.jpg","contentUrl":"https:\/\/sofybeauty.fr\/wp-content\/uploads\/2025\/12\/2024-04-27.jpg","width":574,"height":1020},{"@type":"BreadcrumbList","@id":"https:\/\/sofybeauty.fr\/index.php\/prestations\/#breadcrumb","itemListElement":[{"@type":"ListItem","position":1,"name":"Accueil","item":"http:\/\/sofybeauty.fr\/"},{"@type":"ListItem","position":2,"name":"Prestations"}]},{"@type":"WebSite","@id":"http:\/\/sofybeauty.fr\/#website","url":"http:\/\/sofybeauty.fr\/","name":"Sofy Beauty","description":"","publisher":{"@id":"http:\/\/sofybeauty.fr\/#organization"},"potentialAction":[{"@type":"SearchAction","target":{"@type":"EntryPoint","urlTemplate":"http:\/\/sofybeauty.fr\/?s={search_term_string}"},"query-input":{"@type":"PropertyValueSpecification","valueRequired":true,"valueName":"search_term_string"}}],"inLanguage":"fr-FR"},{"@type":"Organization","@id":"http:\/\/sofybeauty.fr\/#organization","name":"Sofy Beauty","url":"http:\/\/sofybeauty.fr\/","logo":{"@type":"ImageObject","inLanguage":"fr-FR","@id":"http:\/\/sofybeauty.fr\/#\/schema\/logo\/image\/","url":"https:\/\/sofybeauty.fr\/wp-content\/uploads\/2025\/12\/logo-principal-100-e1771940008382.jpg","contentUrl":"https:\/\/sofybeauty.fr\/wp-content\/uploads\/2025\/12\/logo-principal-100-e1771940008382.jpg","width":1023,"height":625,"caption":"Sofy Beauty"},"image":{"@id":"http:\/\/sofybeauty.fr\/#\/schema\/logo\/image\/"}}]}},"uagb_featured_image_src":{"full":false,"thumbnail":false,"medium":false,"medium_large":false,"large":false,"1536x1536":false,"2048x2048":false},"uagb_author_info":{"display_name":"admin4599","author_link":"https:\/\/sofybeauty.fr\/index.php\/author\/admin4599\/"},"uagb_comment_info":0,"uagb_excerpt":"Epilations Soin Visage Soin Corps Ongles Epilations f\u00e9minines AISSELLES BRAS 1\/2 JAMBES JAMBES ENTI\u00c8RES CUISSES&nbsp; 3\/4 JAMBES MAILLOT CLASSIQUE MAILLOT BR\u00c9SILIEN MAILLOT INT\u00c9GRAL L\u00c8VRES SOURCILS MENTON MENTON + L\u00c8VRES&nbsp; Epilations masculines NEZ OU OREILLES SOURCILS AISSELLES TORSE VENTRE DOS OU FESSES \u00c9PAULES JAMBES ENTI\u00c8RES 10 \u20ac 15 \u20ac 16 \u20ac 25 \u20ac 20 \u20ac 22\u2026","_links":{"self":[{"href":"https:\/\/sofybeauty.fr\/index.php\/wp-json\/wp\/v2\/pages\/115","targetHints":{"allow":["GET"]}}],"collection":[{"href":"https:\/\/sofybeauty.fr\/index.php\/wp-json\/wp\/v2\/pages"}],"about":[{"href":"https:\/\/sofybeauty.fr\/index.php\/wp-json\/wp\/v2\/types\/page"}],"author":[{"embeddable":true,"href":"https:\/\/sofybeauty.fr\/index.php\/wp-json\/wp\/v2\/users\/1"}],"replies":[{"embeddable":true,"href":"https:\/\/sofybeauty.fr\/index.php\/wp-json\/wp\/v2\/comments?post=115"}],"version-history":[{"count":25,"href":"https:\/\/sofybeauty.fr\/index.php\/wp-json\/wp\/v2\/pages\/115\/revisions"}],"predecessor-version":[{"id":300,"href":"https:\/\/sofybeauty.fr\/index.php\/wp-json\/wp\/v2\/pages\/115\/revisions\/300"}],"wp:attachment":[{"href":"https:\/\/sofybeauty.fr\/index.php\/wp-json\/wp\/v2\/media?parent=115"}],"curies":[{"name":"wp","href":"https:\/\/api.w.org\/{rel}","templated":true}]}}